{"id":103,"date":"2026-02-10T15:44:48","date_gmt":"2026-02-10T14:44:48","guid":{"rendered":"https:\/\/test.engakuin.net\/?page_id=103"},"modified":"2026-02-10T15:44:48","modified_gmt":"2026-02-10T14:44:48","slug":"kaligrafia","status":"publish","type":"page","link":"https:\/\/engakuin.net\/?page_id=103","title":{"rendered":"Kaligrafia"},"content":{"rendered":"\n<figure class=\"wp-block-image size-large\"><img loading=\"lazy\" decoding=\"async\" width=\"1024\" height=\"525\" src=\"https:\/\/test.engakuin.net\/wp-content\/uploads\/2026\/01\/kaligrafia-engakuin-1024x525.jpg\" alt=\"\" class=\"wp-image-107\" srcset=\"https:\/\/engakuin.net\/wp-content\/uploads\/2026\/01\/kaligrafia-engakuin-1024x525.jpg 1024w, https:\/\/engakuin.net\/wp-content\/uploads\/2026\/01\/kaligrafia-engakuin-300x154.jpg 300w, https:\/\/engakuin.net\/wp-content\/uploads\/2026\/01\/kaligrafia-engakuin-768x394.jpg 768w, https:\/\/engakuin.net\/wp-content\/uploads\/2026\/01\/kaligrafia-engakuin.jpg 1170w\" sizes=\"auto, (max-width: 1024px) 100vw, 1024px\" \/><\/figure>\n\n\n\n<h3 class=\"wp-block-heading\" id=\"comiesicwnaszejwityniodbywajsiregularnewarsztatykaligrafiijaposkiej\">Co miesi\u0105c w naszej \u015bwi\u0105tyni odbywaj\u0105 si\u0119 regularne warsztaty kaligrafii japo\u0144skiej.<\/h3>\n\n\n\n<p>Kaligrafia to nie tylko sztuka pi\u0119knego pisania ale r\u00f3wnie\u017c \u0107wiczenie podstawowych w\u0142a\u015bciwo\u015bci umys\u0142u cenionych po\u015br\u00f3d tych, kt\u00f3rzy praktykuj\u0105 \u015bcie\u017ck\u0119 buddyjska, takich jak cierpliwo\u015b\u0107 czy koncentracja.<\/p>\n\n\n\n<p>Warsztaty prowadzi Maho Ikushima, nauczycielka kaligrafii z Japonii.<br>Sesje odbywaj\u0105 si\u0119 raz w miesi\u0105cu.<\/p>\n\n\n\n<p>ZAPRASZAMY Wszyscy, kt\u00f3rzy chc\u0105 wzi\u0105\u0107 udzia\u0142 w warsztatach proszeni s\u0105 o wcze\u015bniejszy kontakt z Maho Ikushim\u0105 pod adresem&nbsp;<a href=\"mailto:ikushimam@hotmail.com\" target=\"_blank\" rel=\"noreferrer noopener\">ikushimam@hotmail.com<\/a><\/p>\n\n\n\n<hr class=\"wp-block-separator has-alpha-channel-opacity\"\/>\n\n\n\n<h2 class=\"wp-block-heading\" id=\"mahoikushima\">Maho Ikushima<\/h2>\n\n\n\n<p>Moja przygoda z kaligrafi\u0105 zacz\u0119\u0142a si\u0119 w trzeciej klasie szko\u0142y podstawowej. Po raz pierwszy mama mnie do tego nam\u00f3wi\u0142a. Niestety na lekcjach nie by\u0142o zbyt du\u017co zaj\u0119\u0107 z kaligrafii, wi\u0119c postanowi\u0142am zapisa\u0107 si\u0119 na zaj\u0119cia pozaszkolne, gdzie mog\u0142am si\u0119 bardziej rozwija\u0107 w tym kierunku.<\/p>\n\n\n\n<p>Moja mama w dzieci\u0144stwie bardzo chcia\u0142a si\u0119 uczy\u0107 kaligrafii, ale poniewa\u017c by\u0142a wtedy wojna, nie mia\u0142a takiej okazji. Bardzo zatem pragn\u0119\u0142a, bym ja nauczy\u0142a si\u0119 pi\u0119knie pisa\u0107. Zawsze uwa\u017ca\u0142a \u2013 i jak r\u00f3wnie\u017c tak my\u015bl\u0119 \u2013 \u017ce odznaczanie si\u0119 pi\u0119knym charakterem pisma jest jedn\u0105 z zalet cz\u0142owieka.<\/p>\n\n\n\n<p>Nauk\u0119 kaligrafii kontynuowa\u0142am przez ca\u0142y czas w szkole \u015bredniej i na studiach, mimo \u017ce nie by\u0142o to \u0142atwe, poniewa\u017c moi nauczyciele cz\u0119sto si\u0119 zmieniali. Robi\u0142am to, bo naprawd\u0119 sprawia\u0142o mi to du\u017co rado\u015bci. Nigdy jednak nie my\u015bla\u0142am o zostaniu artystk\u0105. Po studiach rozpocz\u0119\u0142am prac\u0119. Od tamtego czasu r\u00f3wnie\u017c kontynuowa\u0142am nauk\u0119 kaligrafii w Towarzystwie Kaligraficznym \u201eSakigake\u201d. Kiedy przyjecha\u0142am do Polski, przewodnicz\u0105cym towarzystwa by\u0142 Pan Seiun Morimoto od kt\u00f3rego otrzyma\u0142am przybory i kt\u00f3ry umo\u017cliwi\u0142 mi nauczanie kaligrafii podczas zaj\u0119\u0107 i prowadzenia warsztat\u00f3w.<\/p>\n\n\n\n<p>Niestety Pan Morimoto zmar\u0142 w 2005 roku i od tamtej pory dzi\u0119ki Pa\u0144stwu Wendland przez rok raz w miesi\u0105cu prowadzi\u0142am zaj\u0119cia w Centrum Sztuki \u201eInner Spaces\u201d.<\/p>\n\n\n\n<p>Moim marzeniem jest, by coraz wi\u0119cej ludzi w Polsce zainteresowa\u0142o si\u0119 kaligrafi\u0105 i tym samym by\u0142o coraz wi\u0119cej prawdziwych jej mi\u0142o\u015bnik\u00f3w.<\/p>\n","protected":false},"excerpt":{"rendered":"<p>Co miesi\u0105c w naszej \u015bwi\u0105tyni odbywaj\u0105 si\u0119 regularne warsztaty kaligrafii japo\u0144skiej. Kaligrafia to nie tylko sztuka pi\u0119knego pisania ale r\u00f3wnie\u017c \u0107wiczenie podstawowych w\u0142a\u015bciwo\u015bci umys\u0142u cenionych po\u015br\u00f3d tych, kt\u00f3rzy praktykuj\u0105 \u015bcie\u017ck\u0119 buddyjska, takich jak cierpliwo\u015b\u0107 czy koncentracja. Warsztaty prowadzi Maho Ikushima, nauczycielka kaligrafii z Japonii.Sesje odbywaj\u0105 si\u0119 raz w miesi\u0105cu. ZAPRASZAMY Wszyscy, kt\u00f3rzy chc\u0105 wzi\u0105\u0107 udzia\u0142 w warsztatach proszeni s\u0105 o wcze\u015bniejszy kontakt z Maho Ikushim\u0105 pod adresem&nbsp;ikushimam@hotmail.com Maho Ikushima Moja przygoda z kaligrafi\u0105 zacz\u0119\u0142a si\u0119 w trzeciej klasie szko\u0142y podstawowej. Po raz pierwszy mama mnie do tego nam\u00f3wi\u0142a. Niestety na lekcjach nie by\u0142o zbyt du\u017co zaj\u0119\u0107 z kaligrafii, wi\u0119c postanowi\u0142am zapisa\u0107 si\u0119 na zaj\u0119cia pozaszkolne, gdzie mog\u0142am si\u0119 bardziej rozwija\u0107 w tym kierunku. Moja mama w dzieci\u0144stwie bardzo chcia\u0142a si\u0119 uczy\u0107 kaligrafii, ale poniewa\u017c by\u0142a wtedy wojna, nie mia\u0142a takiej okazji. Bardzo zatem pragn\u0119\u0142a, bym ja nauczy\u0142a si\u0119 pi\u0119knie pisa\u0107. Zawsze uwa\u017ca\u0142a \u2013 i jak r\u00f3wnie\u017c tak my\u015bl\u0119 \u2013 \u017ce odznaczanie si\u0119 pi\u0119knym charakterem pisma jest jedn\u0105 z zalet cz\u0142owieka. Nauk\u0119 kaligrafii kontynuowa\u0142am przez ca\u0142y czas w szkole \u015bredniej i na studiach, mimo \u017ce nie by\u0142o to \u0142atwe, poniewa\u017c moi nauczyciele cz\u0119sto si\u0119 zmieniali. Robi\u0142am to, bo naprawd\u0119 sprawia\u0142o mi to du\u017co rado\u015bci. Nigdy jednak nie my\u015bla\u0142am o zostaniu artystk\u0105. Po studiach rozpocz\u0119\u0142am prac\u0119. Od tamtego czasu r\u00f3wnie\u017c kontynuowa\u0142am nauk\u0119 kaligrafii w Towarzystwie Kaligraficznym \u201eSakigake\u201d. Kiedy przyjecha\u0142am do Polski, przewodnicz\u0105cym towarzystwa by\u0142 Pan Seiun Morimoto od kt\u00f3rego otrzyma\u0142am przybory i kt\u00f3ry umo\u017cliwi\u0142 mi nauczanie kaligrafii podczas zaj\u0119\u0107 i prowadzenia warsztat\u00f3w. Niestety Pan Morimoto zmar\u0142 w 2005 roku i od tamtej pory dzi\u0119ki Pa\u0144stwu Wendland przez rok raz w miesi\u0105cu prowadzi\u0142am zaj\u0119cia w Centrum Sztuki \u201eInner Spaces\u201d. Moim marzeniem jest, by coraz wi\u0119cej ludzi w Polsce zainteresowa\u0142o si\u0119 kaligrafi\u0105 i tym samym by\u0142o coraz wi\u0119cej prawdziwych jej mi\u0142o\u015bnik\u00f3w.<\/p>\n","protected":false},"author":1,"featured_media":0,"parent":0,"menu_order":0,"comment_status":"closed","ping_status":"closed","template":"","meta":{"_coblocks_attr":"","_coblocks_dimensions":"","_coblocks_responsive_height":"","_coblocks_accordion_ie_support":"","footnotes":""},"class_list":["post-103","page","type-page","status-publish","hentry"],"_links":{"self":[{"href":"https:\/\/engakuin.net\/index.php?rest_route=\/wp\/v2\/pages\/103","targetHints":{"allow":["GET"]}}],"collection":[{"href":"https:\/\/engakuin.net\/index.php?rest_route=\/wp\/v2\/pages"}],"about":[{"href":"https:\/\/engakuin.net\/index.php?rest_route=\/wp\/v2\/types\/page"}],"author":[{"embeddable":true,"href":"https:\/\/engakuin.net\/index.php?rest_route=\/wp\/v2\/users\/1"}],"replies":[{"embeddable":true,"href":"https:\/\/engakuin.net\/index.php?rest_route=%2Fwp%2Fv2%2Fcomments&post=103"}],"version-history":[{"count":3,"href":"https:\/\/engakuin.net\/index.php?rest_route=\/wp\/v2\/pages\/103\/revisions"}],"predecessor-version":[{"id":108,"href":"https:\/\/engakuin.net\/index.php?rest_route=\/wp\/v2\/pages\/103\/revisions\/108"}],"wp:attachment":[{"href":"https:\/\/engakuin.net\/index.php?rest_route=%2Fwp%2Fv2%2Fmedia&parent=103"}],"curies":[{"name":"wp","href":"https:\/\/api.w.org\/{rel}","templated":true}]}}