{"id":17,"date":"2026-01-27T15:17:20","date_gmt":"2026-01-27T14:17:20","guid":{"rendered":"https:\/\/test.engakuin.net\/?page_id=17"},"modified":"2026-02-03T16:43:53","modified_gmt":"2026-02-03T15:43:53","slug":"nauczyciele","status":"publish","type":"page","link":"https:\/\/engakuin.net\/?page_id=17","title":{"rendered":"Nauczyciele"},"content":{"rendered":"\n<figure class=\"wp-block-image size-large\"><img loading=\"lazy\" decoding=\"async\" width=\"1024\" height=\"525\" src=\"https:\/\/test.engakuin.net\/wp-content\/uploads\/2026\/01\/o-tarz-1024x525.jpg\" alt=\"\" class=\"wp-image-124\" srcset=\"https:\/\/engakuin.net\/wp-content\/uploads\/2026\/01\/o-tarz-1024x525.jpg 1024w, https:\/\/engakuin.net\/wp-content\/uploads\/2026\/01\/o-tarz-300x154.jpg 300w, https:\/\/engakuin.net\/wp-content\/uploads\/2026\/01\/o-tarz-768x394.jpg 768w, https:\/\/engakuin.net\/wp-content\/uploads\/2026\/01\/o-tarz.jpg 1170w\" sizes=\"auto, (max-width: 1024px) 100vw, 1024px\" \/><\/figure>\n\n\n\n<p><\/p>\n\n\n\n<p class=\"has-text-align-center\"><strong>Czcigodny Kanzen<\/strong><\/p>\n\n\n\n<figure class=\"wp-block-image size-large\"><img loading=\"lazy\" decoding=\"async\" width=\"1024\" height=\"475\" src=\"https:\/\/test.engakuin.net\/wp-content\/uploads\/2026\/01\/kanzen-engakuin-nauczyciele-2-1024x475.jpg\" alt=\"\" class=\"wp-image-123\" srcset=\"https:\/\/engakuin.net\/wp-content\/uploads\/2026\/01\/kanzen-engakuin-nauczyciele-2-1024x475.jpg 1024w, https:\/\/engakuin.net\/wp-content\/uploads\/2026\/01\/kanzen-engakuin-nauczyciele-2-300x139.jpg 300w, https:\/\/engakuin.net\/wp-content\/uploads\/2026\/01\/kanzen-engakuin-nauczyciele-2-768x356.jpg 768w, https:\/\/engakuin.net\/wp-content\/uploads\/2026\/01\/kanzen-engakuin-nauczyciele-2.jpg 1403w\" sizes=\"auto, (max-width: 1024px) 100vw, 1024px\" \/><\/figure>\n\n\n\n<p class=\"has-text-align-center\">Kap\u0142an i nauczyciel Zen S\u014dt\u014d w Polsce. Pe\u0142ni funkcj\u0119 opata \u015bwi\u0105tyni Sanboin w Szczecinie jak i Engakuin w Poznaniu. Od 1984 roku praktykowa\u0142 w tradycji Zen S\u014dt\u014d w Japonii. Zosta\u0142 wy\u015bwi\u0119cony w 1989 roku na mnicha w \u015bwi\u0105tyni w Tokio i uko\u0144czy\u0142 edukacj\u0119 klasztorn\u0105 w klasztorze Daiyuzan Saijoji, jednym z najwi\u0119kszych klasztor\u00f3w zen we wschodniej Japonii.<\/p>\n\n\n\n<p class=\"has-text-align-center\">Praktykowa\u0142 z r\u00f3\u017cnymi nauczycielami japo\u0144skimi, ale jego g\u0142\u00f3wnym nauczycielem medytacji by\u0142 Harada Tangen roshi, by\u0142y prze\u0142o\u017cony \u015bwi\u0105tyni Bukkokuji.<\/p>\n\n\n\n<p class=\"has-text-align-center\">Jest za\u0142o\u017cycielem Misji Buddyjskiej w Polsce. Regularnie odwiedza o\u015brodki buddyjskie w r\u00f3\u017cnych miastach udzielaj\u0105c nauk i t\u0142umacz\u0105c nauczycieli wywodz\u0105cych si\u0119 zar\u00f3wno z tradycji zen jak i buddyzmu tybeta\u0144skiego. Szeroka znajomo\u015b\u0107 wielu j\u0119zyk\u00f3w orientalnych, historii poszczeg\u00f3lnych kraj\u00f3w oraz wnikliwe rozeznanie w psychologii i medycynie zachodniej sprawiaj\u0105, \u017ce spos\u00f3b jego nauczania jest uniwersalny i trafiaj\u0105cy do szerokiego grona sympatyk\u00f3w i praktykuj\u0105cych buddyzm w Polsce.<\/p>\n\n\n\n<p><\/p>\n","protected":false},"excerpt":{"rendered":"<p>Czcigodny Kanzen Kap\u0142an i nauczyciel Zen S\u014dt\u014d w Polsce. Pe\u0142ni funkcj\u0119 opata \u015bwi\u0105tyni Sanboin w Szczecinie jak i Engakuin w Poznaniu. Od 1984 roku praktykowa\u0142 w tradycji Zen S\u014dt\u014d w Japonii. Zosta\u0142 wy\u015bwi\u0119cony w 1989 roku na mnicha w \u015bwi\u0105tyni w Tokio i uko\u0144czy\u0142 edukacj\u0119 klasztorn\u0105 w klasztorze Daiyuzan Saijoji, jednym z najwi\u0119kszych klasztor\u00f3w zen we wschodniej Japonii. Praktykowa\u0142 z r\u00f3\u017cnymi nauczycielami japo\u0144skimi, ale jego g\u0142\u00f3wnym nauczycielem medytacji by\u0142 Harada Tangen roshi, by\u0142y prze\u0142o\u017cony \u015bwi\u0105tyni Bukkokuji. Jest za\u0142o\u017cycielem Misji Buddyjskiej w Polsce. Regularnie odwiedza o\u015brodki buddyjskie w r\u00f3\u017cnych miastach udzielaj\u0105c nauk i t\u0142umacz\u0105c nauczycieli wywodz\u0105cych si\u0119 zar\u00f3wno z tradycji zen jak i buddyzmu tybeta\u0144skiego. Szeroka znajomo\u015b\u0107 wielu j\u0119zyk\u00f3w orientalnych, historii poszczeg\u00f3lnych kraj\u00f3w oraz wnikliwe rozeznanie w psychologii i medycynie zachodniej sprawiaj\u0105, \u017ce spos\u00f3b jego nauczania jest uniwersalny i trafiaj\u0105cy do szerokiego grona sympatyk\u00f3w i praktykuj\u0105cych buddyzm w Polsce.<\/p>\n","protected":false},"author":1,"featured_media":0,"parent":0,"menu_order":0,"comment_status":"closed","ping_status":"closed","template":"","meta":{"_coblocks_attr":"","_coblocks_dimensions":"","_coblocks_responsive_height":"","_coblocks_accordion_ie_support":"","footnotes":""},"class_list":["post-17","page","type-page","status-publish","hentry"],"_links":{"self":[{"href":"https:\/\/engakuin.net\/index.php?rest_route=\/wp\/v2\/pages\/17","targetHints":{"allow":["GET"]}}],"collection":[{"href":"https:\/\/engakuin.net\/index.php?rest_route=\/wp\/v2\/pages"}],"about":[{"href":"https:\/\/engakuin.net\/index.php?rest_route=\/wp\/v2\/types\/page"}],"author":[{"embeddable":true,"href":"https:\/\/engakuin.net\/index.php?rest_route=\/wp\/v2\/users\/1"}],"replies":[{"embeddable":true,"href":"https:\/\/engakuin.net\/index.php?rest_route=%2Fwp%2Fv2%2Fcomments&post=17"}],"version-history":[{"count":5,"href":"https:\/\/engakuin.net\/index.php?rest_route=\/wp\/v2\/pages\/17\/revisions"}],"predecessor-version":[{"id":311,"href":"https:\/\/engakuin.net\/index.php?rest_route=\/wp\/v2\/pages\/17\/revisions\/311"}],"wp:attachment":[{"href":"https:\/\/engakuin.net\/index.php?rest_route=%2Fwp%2Fv2%2Fmedia&parent=17"}],"curies":[{"name":"wp","href":"https:\/\/api.w.org\/{rel}","templated":true}]}}