{"id":27,"date":"2026-01-26T23:16:13","date_gmt":"2026-01-26T22:16:13","guid":{"rendered":"https:\/\/test.engakuin.net\/?page_id=27"},"modified":"2026-01-28T13:54:31","modified_gmt":"2026-01-28T12:54:31","slug":"__trashed-3","status":"publish","type":"page","link":"https:\/\/engakuin.net\/?page_id=27","title":{"rendered":"Datki"},"content":{"rendered":"\n<figure class=\"wp-block-image size-large\"><img loading=\"lazy\" decoding=\"async\" width=\"1024\" height=\"525\" src=\"https:\/\/test.engakuin.net\/wp-content\/uploads\/2026\/01\/datki-1024x525.jpg\" alt=\"\" class=\"wp-image-130\" srcset=\"https:\/\/engakuin.net\/wp-content\/uploads\/2026\/01\/datki-1024x525.jpg 1024w, https:\/\/engakuin.net\/wp-content\/uploads\/2026\/01\/datki-300x154.jpg 300w, https:\/\/engakuin.net\/wp-content\/uploads\/2026\/01\/datki-768x394.jpg 768w, https:\/\/engakuin.net\/wp-content\/uploads\/2026\/01\/datki.jpg 1170w\" sizes=\"auto, (max-width: 1024px) 100vw, 1024px\" \/><\/figure>\n\n\n\n<h3 class=\"wp-block-heading\" id=\"osobyktrechcwspomcfinansowowityniijejdziaalnomogwpacaofiarynaponiszekontobankowe\">Osoby, kt\u00f3re chc\u0105 wspom\u00f3c finansowo \u015bwi\u0105tyni\u0119 i jej dzia\u0142alno\u015b\u0107 mog\u0105 wp\u0142aca\u0107 ofiary na poni\u017csze konto bankowe.<\/h3>\n\n\n\n<h3 class=\"wp-block-heading\" id=\"jakotytuprzelewunaleywpisadarowiznanawityni\">Jako tytu\u0142 przelewu nale\u017cy wpisa\u0107: \u201eDarowizna na \u015bwi\u0105tyni\u0119\u201d<\/h3>\n\n\n\n<h3 class=\"wp-block-heading\" id=\"34144011300000000005380828\"><strong>34 1440 1130 0000 0000 0538 0828<\/strong><\/h3>\n\n\n\n<p>Dla przelew\u00f3w zagranicznych:<\/p>\n\n\n\n<p>IBAN: PL 34 1440 1130 0000 0000 0538 0828<br>BIC\/SWIFT: BPKOPLPW<\/p>\n\n\n\n<p>MISJA BUDDYJSKA \u2013 TRZY SCHRONIENIA w Polsce<br>O\u015brodek misyjny w Poznaniu<br>ul. G\u0142\u0119boka 6\/3<br>61-552 Pozna\u0144<\/p>\n\n\n\n<hr class=\"wp-block-separator has-alpha-channel-opacity\"\/>\n\n\n\n<p>Darowizny na cele kultu religijnego mo\u017cna&nbsp;<strong>odliczy\u0107 od podatku<\/strong>&nbsp;na podstawie wyci\u0105gu bankowego.<\/p>\n\n\n\n<p><em>Za wszelkie wsparcie i ofiary wierni praktykuj\u0105cy w \u015bwi\u0105tyni serdecznie dzi\u0119kuj\u0105. W intencji ofiarodawc\u00f3w czytane s\u0105 specjalne modlitwy, co jest zwyczajem w \u015bwi\u0105tyniach Zen S\u014dt\u014d w Japonii.<\/em><\/p>\n\n\n\n<p><\/p>\n","protected":false},"excerpt":{"rendered":"<p>Osoby, kt\u00f3re chc\u0105 wspom\u00f3c finansowo \u015bwi\u0105tyni\u0119 i jej dzia\u0142alno\u015b\u0107 mog\u0105 wp\u0142aca\u0107 ofiary na poni\u017csze konto bankowe. Jako tytu\u0142 przelewu nale\u017cy wpisa\u0107: \u201eDarowizna na \u015bwi\u0105tyni\u0119\u201d 34 1440 1130 0000 0000 0538 0828 Dla przelew\u00f3w zagranicznych: IBAN: PL 34 1440 1130 0000 0000 0538 0828BIC\/SWIFT: BPKOPLPW MISJA BUDDYJSKA \u2013 TRZY SCHRONIENIA w PolsceO\u015brodek misyjny w Poznaniuul. G\u0142\u0119boka 6\/361-552 Pozna\u0144 Darowizny na cele kultu religijnego mo\u017cna&nbsp;odliczy\u0107 od podatku&nbsp;na podstawie wyci\u0105gu bankowego. Za wszelkie wsparcie i ofiary wierni praktykuj\u0105cy w \u015bwi\u0105tyni serdecznie dzi\u0119kuj\u0105. W intencji ofiarodawc\u00f3w czytane s\u0105 specjalne modlitwy, co jest zwyczajem w \u015bwi\u0105tyniach Zen S\u014dt\u014d w Japonii.<\/p>\n","protected":false},"author":1,"featured_media":0,"parent":0,"menu_order":0,"comment_status":"closed","ping_status":"closed","template":"","meta":{"_coblocks_attr":"","_coblocks_dimensions":"","_coblocks_responsive_height":"","_coblocks_accordion_ie_support":"","footnotes":""},"class_list":["post-27","page","type-page","status-publish","hentry"],"_links":{"self":[{"href":"https:\/\/engakuin.net\/index.php?rest_route=\/wp\/v2\/pages\/27","targetHints":{"allow":["GET"]}}],"collection":[{"href":"https:\/\/engakuin.net\/index.php?rest_route=\/wp\/v2\/pages"}],"about":[{"href":"https:\/\/engakuin.net\/index.php?rest_route=\/wp\/v2\/types\/page"}],"author":[{"embeddable":true,"href":"https:\/\/engakuin.net\/index.php?rest_route=\/wp\/v2\/users\/1"}],"replies":[{"embeddable":true,"href":"https:\/\/engakuin.net\/index.php?rest_route=%2Fwp%2Fv2%2Fcomments&post=27"}],"version-history":[{"count":4,"href":"https:\/\/engakuin.net\/index.php?rest_route=\/wp\/v2\/pages\/27\/revisions"}],"predecessor-version":[{"id":251,"href":"https:\/\/engakuin.net\/index.php?rest_route=\/wp\/v2\/pages\/27\/revisions\/251"}],"wp:attachment":[{"href":"https:\/\/engakuin.net\/index.php?rest_route=%2Fwp%2Fv2%2Fmedia&parent=27"}],"curies":[{"name":"wp","href":"https:\/\/api.w.org\/{rel}","templated":true}]}}