{"id":75,"date":"2026-01-28T13:02:15","date_gmt":"2026-01-28T12:02:15","guid":{"rendered":"https:\/\/test.engakuin.net\/?page_id=75"},"modified":"2026-02-10T16:15:51","modified_gmt":"2026-02-10T15:15:51","slug":"aktualnosci","status":"publish","type":"page","link":"https:\/\/engakuin.net\/","title":{"rendered":"Aktualno\u015bci"},"content":{"rendered":"<div class=\"wp-block-coblocks-posts is-style-stacked\"><div class=\"wp-block-coblocks-posts__inner has-columns has-2-columns has-responsive-columns has-square-image has-small-gutter\" style=\" style=\"--coblocks-custom-gutter:5em\"\"><div class=\"wp-block-coblocks-posts__item\"><div class=\"wp-block-coblocks-posts__content flex-start\"><time datetime=\"\" class=\"wp-block-coblocks-posts__date\">2026-01-28<\/time><a href=\"https:\/\/engakuin.net\/?p=218\" alt=\"Zape\u0142niacz wpis\">Zape\u0142niacz wpis<\/a><div class=\"wp-block-coblocks-posts__excerpt\">Przyk\u0142adowy wpis 1<\/div><\/div><\/div><div class=\"wp-block-coblocks-posts__item\"><div class=\"wp-block-coblocks-posts__content flex-start\"><time datetime=\"\" class=\"wp-block-coblocks-posts__date\">2026-01-28<\/time><a href=\"https:\/\/engakuin.net\/?p=213\" alt=\"Zape\u0142niacz wpis\">Zape\u0142niacz wpis<\/a><div class=\"wp-block-coblocks-posts__excerpt\">Przyk\u0142adowy wpis 2<\/div><\/div><\/div><div class=\"wp-block-coblocks-posts__item\"><div class=\"wp-block-coblocks-posts__content flex-start\"><time datetime=\"\" class=\"wp-block-coblocks-posts__date\">2026-01-28<\/time><a href=\"https:\/\/engakuin.net\/?p=210\" alt=\"Sesshin w Engakuin\">Sesshin w Engakuin<\/a><div class=\"wp-block-coblocks-posts__excerpt\">Kiedy\u015btam by\u0142.<\/div><\/div><\/div><div class=\"wp-block-coblocks-posts__item\"><div class=\"wp-block-coblocks-posts__content flex-start\"><time datetime=\"\" class=\"wp-block-coblocks-posts__date\">2026-01-28<\/time><a href=\"https:\/\/engakuin.net\/?p=207\" alt=\"Sesshin\">Sesshin<\/a><div class=\"wp-block-coblocks-posts__excerpt\">B\u0119dzie!<\/div><\/div><\/div><div class=\"wp-block-coblocks-posts__item\"><div class=\"wp-block-coblocks-posts__content flex-start\"><time datetime=\"\" class=\"wp-block-coblocks-posts__date\">2026-01-28<\/time><a href=\"https:\/\/engakuin.net\/?p=205\" alt=\"Wpis 4\">Wpis 4<\/a><div class=\"wp-block-coblocks-posts__excerpt\"><\/div><\/div><\/div><div class=\"wp-block-coblocks-posts__item\"><div class=\"wp-block-coblocks-posts__content flex-start\"><time datetime=\"\" class=\"wp-block-coblocks-posts__date\">2026-01-28<\/time><a href=\"https:\/\/engakuin.net\/?p=201\" alt=\"Wpis 3\">Wpis 3<\/a><div class=\"wp-block-coblocks-posts__excerpt\"><\/div><\/div><\/div><\/div><\/div>\n\n\n<figure class=\"wp-block-pullquote\"><blockquote><p>Masz pytania? Chcesz si\u0119 um\u00f3wi\u0107 na pierwsz\u0105 wizyt\u0119? Napisz do nas.<\/p><\/blockquote><\/figure>\n\n\n\n<div class=\"wp-block-group\"><div class=\"wp-block-group__inner-container is-layout-constrained wp-block-group-is-layout-constrained\"><style id=\"wpforms-css-vars-320-block-01051144-8b29-4ea8-8f72-b573f833b547\">\n\t\t\t\t#wpforms-320.wpforms-block-01051144-8b29-4ea8-8f72-b573f833b547 {\n\t\t\t\t--wpforms-label-color: #ca9b52;\n--wpforms-label-sublabel-color: rgba(0, 0, 0, 0.55);\n--wpforms-field-border-color: #000000;\n--wpforms-field-border-color-spare: #000000;\n--wpforms-field-text-color: #ca9b52;\n--wpforms-button-background-color: #000000;\n--wpforms-button-text-color: #ca9b52;\n--wpforms-field-size-input-height: 43px;\n--wpforms-field-size-input-spacing: 15px;\n--wpforms-field-size-font-size: 16px;\n--wpforms-field-size-line-height: 19px;\n--wpforms-field-size-padding-h: 14px;\n--wpforms-field-size-checkbox-size: 16px;\n--wpforms-field-size-sublabel-spacing: 5px;\n--wpforms-field-size-icon-size: 1;\n--wpforms-label-size-font-size: 16px;\n--wpforms-label-size-line-height: 19px;\n--wpforms-label-size-sublabel-font-size: 14px;\n--wpforms-label-size-sublabel-line-height: 17px;\n--wpforms-button-size-font-size: 17px;\n--wpforms-button-size-height: 41px;\n--wpforms-button-size-padding-h: 15px;\n--wpforms-button-size-margin-top: 10px;\n\t\t\t}\n\t\t\t<\/style><div class=\"wpforms-container wpforms-container-full wpforms-block wpforms-block-01051144-8b29-4ea8-8f72-b573f833b547 wpforms-render-modern\" id=\"wpforms-320\"><form id=\"wpforms-form-320\" class=\"wpforms-validate wpforms-form wpforms-ajax-form\" data-formid=\"320\" method=\"post\" enctype=\"multipart\/form-data\" action=\"\/index.php?rest_route=%2Fwp%2Fv2%2Fpages%2F75\" data-token=\"45b0b668c54f4173da85a8f84d5bf46a\" data-token-time=\"1776404254\"><noscript class=\"wpforms-error-noscript\">Aby wype\u0142ni\u0107 ten formularz, w\u0142\u0105cz obs\u0142ug\u0119 JavaScript w przegl\u0105darce.<\/noscript><div id=\"wpforms-error-noscript\" style=\"display: none;\">Aby wype\u0142ni\u0107 ten formularz, w\u0142\u0105cz obs\u0142ug\u0119 JavaScript w przegl\u0105darce.<\/div><div class=\"wpforms-field-container\"><div id=\"wpforms-320-field_1-container\" class=\"wpforms-field wpforms-field-name\" data-field-id=\"1\"><label class=\"wpforms-field-label\" for=\"wpforms-320-field_1\">Imi\u0119 i nazwisko <span class=\"wpforms-required-label\" aria-hidden=\"true\">*<\/span><\/label><input type=\"text\" id=\"wpforms-320-field_1\" class=\"wpforms-field-medium wpforms-field-required\" name=\"wpforms[fields][1]\" aria-errormessage=\"wpforms-320-field_1-error\" required><\/div><div id=\"wpforms-320-field_2-container\" class=\"wpforms-field wpforms-field-email\" data-field-id=\"2\"><label class=\"wpforms-field-label\" for=\"wpforms-320-field_2\">Adres e-mail <span class=\"wpforms-required-label\" aria-hidden=\"true\">*<\/span><\/label><input type=\"email\" id=\"wpforms-320-field_2\" class=\"wpforms-field-medium wpforms-field-required\" name=\"wpforms[fields][2]\" spellcheck=\"false\" aria-errormessage=\"wpforms-320-field_2-error\" required><\/div>\t\t<div id=\"wpforms-320-field_4-container\"\n\t\t\tclass=\"wpforms-field wpforms-field-text\"\n\t\t\tdata-field-type=\"text\"\n\t\t\tdata-field-id=\"4\"\n\t\t\t>\n\t\t\t<label class=\"wpforms-field-label\" for=\"wpforms-320-field_4\" >Adres lub wiadomo\u015b\u0107<\/label>\n\t\t\t<input type=\"text\" id=\"wpforms-320-field_4\" class=\"wpforms-field-medium\" name=\"wpforms[fields][4]\" >\n\t\t<\/div>\n\t\t<div id=\"wpforms-320-field_3-container\" class=\"wpforms-field wpforms-field-textarea\" data-field-id=\"3\"><label class=\"wpforms-field-label\" for=\"wpforms-320-field_3\">Komentarz lub wiadomo\u015b\u0107 <span class=\"wpforms-required-label\" aria-hidden=\"true\">*<\/span><\/label><textarea id=\"wpforms-320-field_3\" class=\"wpforms-field-medium wpforms-field-required\" name=\"wpforms[fields][3]\" aria-errormessage=\"wpforms-320-field_3-error\" required><\/textarea><\/div><script>\n\t\t\t\t( function() {\n\t\t\t\t\tconst style = document.createElement( 'style' );\n\t\t\t\t\tstyle.appendChild( document.createTextNode( '#wpforms-320-field_4-container { position: absolute !important; overflow: hidden !important; display: inline !important; height: 1px !important; width: 1px !important; z-index: -1000 !important; padding: 0 !important; } #wpforms-320-field_4-container input { visibility: hidden; } #wpforms-conversational-form-page #wpforms-320-field_4-container label { counter-increment: none; }' ) );\n\t\t\t\t\tdocument.head.appendChild( style );\n\t\t\t\t\tdocument.currentScript?.remove();\n\t\t\t\t} )();\n\t\t\t<\/script><\/div><!-- .wpforms-field-container --><div class=\"wpforms-submit-container\" ><input type=\"hidden\" name=\"wpforms[id]\" value=\"320\"><input type=\"hidden\" name=\"page_title\" value=\"\"><input type=\"hidden\" name=\"page_url\" value=\"https:\/\/engakuin.net\/index.php?rest_route=\/wp\/v2\/pages\/75\"><input type=\"hidden\" name=\"url_referer\" value=\"\"><button type=\"submit\" name=\"wpforms[submit]\" id=\"wpforms-submit-320\" class=\"wpforms-submit\" data-alt-text=\"Wysy\u0142anie...\" data-submit-text=\"Prze\u015blij\" aria-live=\"assertive\" value=\"wpforms-submit\">Prze\u015blij<\/button><img loading=\"lazy\" decoding=\"async\" src=\"https:\/\/engakuin.net\/wp-content\/plugins\/wpforms-lite\/assets\/images\/submit-spin.svg\" class=\"wpforms-submit-spinner\" style=\"display: none;\" width=\"26\" height=\"26\" alt=\"Wczytywanie\"><\/div><\/form><\/div>  <!-- .wpforms-container -->\n\n\n<figure class=\"wp-block-pullquote\"><blockquote><p>Odwied\u017a tak\u017ce:<\/p><cite><mark style=\"background-color:rgba(0, 0, 0, 0);color:#ca9b52\" class=\"has-inline-color\"><a href=\"https:\/\/sanboin.mahajana.pl\/?page_id=7\" data-type=\"page\" data-id=\"282\">Swi\u0105tyni\u0119 Sanboin<\/a><\/mark><br><mark style=\"background-color:rgba(0, 0, 0, 0);color:#ca9b52\" class=\"has-inline-color\"><a href=\"https:\/\/www.facebook.com\/engakuin\/?locale=pl_PL\" data-type=\"page\" data-id=\"282\">Nasz\u0105 stron\u0119 na Facebooku<\/a><\/mark><br><mark style=\"background-color:rgba(0, 0, 0, 0);color:#ca9b52\" class=\"has-inline-color\"><a href=\"http:\/\/mahajana.pl\" data-type=\"page\" data-id=\"282\">Mahajana.pl<\/a><\/mark><br><\/cite><\/blockquote><\/figure>\n<\/div><\/div>\n","protected":false},"excerpt":{"rendered":"<p>Masz pytania? Chcesz si\u0119 um\u00f3wi\u0107 na pierwsz\u0105 wizyt\u0119? Napisz do nas. Odwied\u017a tak\u017ce: Swi\u0105tyni\u0119 SanboinNasz\u0105 stron\u0119 na FacebookuMahajana.pl<\/p>\n","protected":false},"author":1,"featured_media":0,"parent":0,"menu_order":0,"comment_status":"closed","ping_status":"closed","template":"","meta":{"_coblocks_attr":"","_coblocks_dimensions":"","_coblocks_responsive_height":"","_coblocks_accordion_ie_support":"","footnotes":""},"class_list":["post-75","page","type-page","status-publish","hentry"],"_links":{"self":[{"href":"https:\/\/engakuin.net\/index.php?rest_route=\/wp\/v2\/pages\/75","targetHints":{"allow":["GET"]}}],"collection":[{"href":"https:\/\/engakuin.net\/index.php?rest_route=\/wp\/v2\/pages"}],"about":[{"href":"https:\/\/engakuin.net\/index.php?rest_route=\/wp\/v2\/types\/page"}],"author":[{"embeddable":true,"href":"https:\/\/engakuin.net\/index.php?rest_route=\/wp\/v2\/users\/1"}],"replies":[{"embeddable":true,"href":"https:\/\/engakuin.net\/index.php?rest_route=%2Fwp%2Fv2%2Fcomments&post=75"}],"version-history":[{"count":52,"href":"https:\/\/engakuin.net\/index.php?rest_route=\/wp\/v2\/pages\/75\/revisions"}],"predecessor-version":[{"id":376,"href":"https:\/\/engakuin.net\/index.php?rest_route=\/wp\/v2\/pages\/75\/revisions\/376"}],"wp:attachment":[{"href":"https:\/\/engakuin.net\/index.php?rest_route=%2Fwp%2Fv2%2Fmedia&parent=75"}],"curies":[{"name":"wp","href":"https:\/\/api.w.org\/{rel}","templated":true}]}}