{"id":94,"date":"2026-02-10T15:43:54","date_gmt":"2026-02-10T14:43:54","guid":{"rendered":"https:\/\/test.engakuin.net\/?page_id=94"},"modified":"2026-02-25T12:49:06","modified_gmt":"2026-02-25T11:49:06","slug":"praktyki","status":"publish","type":"page","link":"https:\/\/engakuin.net\/?page_id=94","title":{"rendered":"Praktyki"},"content":{"rendered":"\n<p>\u015aRODA GODZ.18.30<br>ZEN-ZAZEN<br>Prowadz\u0105ca Jolanta Libera tel 505 74 94 84<br>email&nbsp;<a href=\"mailto:kontakt@engakuin.net\" target=\"_blank\" rel=\"noreferrer noopener\">kontakt@engakuin.net<\/a><\/p>\n\n\n\n<p>PI\u0104TEK GODZ. 18.30<br>ZEN &#8211; ZAZEN<br>Jolanta Libera tel 505 74 94 84<br>email&nbsp;<a href=\"mailto:kontakt@engakuin.net\" target=\"_blank\" rel=\"noreferrer noopener\">kontakt@engakuin.net<\/a><\/p>\n\n\n\n<p>NIEDZIELA GODZ. 18.30<br>ZEN &#8211; ZAZEN<br>Prowadz\u0105ca Jolanta Libera tel 505 74 94 84<br>email&nbsp;<a href=\"mailto:kontakt@engakuin.net\" target=\"_blank\" rel=\"noreferrer noopener\">kontakt@engakuin.net<\/a><\/p>\n\n\n\n<p>NIEDZIELA<br>W niedziele w godzinach 13:00-15:00 odbywaj\u0105 si\u0119 zaj\u0119cia Malarstwa Japo\u0144skiego Sumi.<br>Kontakt Lilia Saprykina tel 518 172 026<br>email&nbsp;<a href=\"mailto:sumie_masterclass@ukr.net\" target=\"_blank\" rel=\"noreferrer noopener\">sumie_masterclass@ukr.net<\/a><\/p>\n\n\n\n<p>REGULARNIE JEDEN RAZ W MIESI\u0104CU: PI\u0104TEK-SOBOTA-NIEDZIELA, ODBYWAJ\u0104 SI\u0118 PRAKTYKI W TRADYCJI ZEN (ZAZENKAI, SESSHIN). PROWADZI CZCIGODNY KANZEN, NAUCZYCIEL ZEN SOTO.<br>Kontakt Jolanta Libera tel 505 74 94 84<br>email&nbsp;<a href=\"mailto:kontakt@engakuin.net\" target=\"_blank\" rel=\"noreferrer noopener\">kontakt@engakuin.net<\/a><\/p>\n\n\n\n<p><\/p>\n","protected":false},"excerpt":{"rendered":"<p>\u015aRODA GODZ.18.30ZEN-ZAZENProwadz\u0105ca Jolanta Libera tel 505 74 94 84email&nbsp;kontakt@engakuin.net PI\u0104TEK GODZ. 18.30ZEN &#8211; ZAZENJolanta Libera tel 505 74 94 84email&nbsp;kontakt@engakuin.net NIEDZIELA GODZ. 18.30ZEN &#8211; ZAZENProwadz\u0105ca Jolanta Libera tel 505 74 94 84email&nbsp;kontakt@engakuin.net NIEDZIELAW niedziele w godzinach 13:00-15:00 odbywaj\u0105 si\u0119 zaj\u0119cia Malarstwa Japo\u0144skiego Sumi.Kontakt Lilia Saprykina tel 518 172 026email&nbsp;sumie_masterclass@ukr.net REGULARNIE JEDEN RAZ W MIESI\u0104CU: PI\u0104TEK-SOBOTA-NIEDZIELA, ODBYWAJ\u0104 SI\u0118 PRAKTYKI W TRADYCJI ZEN (ZAZENKAI, SESSHIN). PROWADZI CZCIGODNY KANZEN, NAUCZYCIEL ZEN SOTO.Kontakt Jolanta Libera tel 505 74 94 84email&nbsp;kontakt@engakuin.net<\/p>\n","protected":false},"author":1,"featured_media":0,"parent":0,"menu_order":0,"comment_status":"closed","ping_status":"closed","template":"","meta":{"_coblocks_attr":"","_coblocks_dimensions":"","_coblocks_responsive_height":"","_coblocks_accordion_ie_support":"","footnotes":""},"class_list":["post-94","page","type-page","status-publish","hentry"],"_links":{"self":[{"href":"https:\/\/engakuin.net\/index.php?rest_route=\/wp\/v2\/pages\/94","targetHints":{"allow":["GET"]}}],"collection":[{"href":"https:\/\/engakuin.net\/index.php?rest_route=\/wp\/v2\/pages"}],"about":[{"href":"https:\/\/engakuin.net\/index.php?rest_route=\/wp\/v2\/types\/page"}],"author":[{"embeddable":true,"href":"https:\/\/engakuin.net\/index.php?rest_route=\/wp\/v2\/users\/1"}],"replies":[{"embeddable":true,"href":"https:\/\/engakuin.net\/index.php?rest_route=%2Fwp%2Fv2%2Fcomments&post=94"}],"version-history":[{"count":5,"href":"https:\/\/engakuin.net\/index.php?rest_route=\/wp\/v2\/pages\/94\/revisions"}],"predecessor-version":[{"id":479,"href":"https:\/\/engakuin.net\/index.php?rest_route=\/wp\/v2\/pages\/94\/revisions\/479"}],"wp:attachment":[{"href":"https:\/\/engakuin.net\/index.php?rest_route=%2Fwp%2Fv2%2Fmedia&parent=94"}],"curies":[{"name":"wp","href":"https:\/\/api.w.org\/{rel}","templated":true}]}}